{"id":403,"date":"2014-11-30T17:24:49","date_gmt":"2014-11-30T15:24:49","guid":{"rendered":"http:\/\/www.limex.ee\/?page_id=403"},"modified":"2015-01-18T17:59:47","modified_gmt":"2015-01-18T15:59:47","slug":"fi-lumanda-kalkkipuiston","status":"publish","type":"page","link":"https:\/\/limex.ee\/fi\/fi-lumanda-kalkkipuiston\/","title":{"rendered":"L\u00dcMANDAN KALKKI- JA TERVAPUISTO"},"content":{"rendered":"<h3><strong>Kalkkipuisto on avoinna 10.06. \u2013 20.08. JOKA P\u00c4IV\u00c4, muulloin ennakkotilauksesta limex@limex.ee tai puh. 5156165.<\/strong><\/h3>\n<h3>\nKalkkipuistossa saat tutustua 70\u201390 vuotta vanhoihin konservoituihin kalkkiuuneihin ja niiden kautta vuosisatoja vanhaan kalkin tuottamisen teknologiaan. Ihanassa mets\u00e4ss\u00e4 olevan opintopolun varrella on infotauluja, jotka mahdollistavat polulla liikkumisen oppaan s\u00e4estyksett\u00e4 \u2013 infotauluissa kaikki tarvittava tieto kerrotaan my\u00f6s suomeksi. Puistossa saa itse k\u00e4sin louhia kalkkikive\u00e4 ja seurata aitoa kalkinpolttoa. Opintopolun suorittamisen j\u00e4lkeen on mahdollista katsoa elokuvaa \u201eLubjaringis\u201d (\u201dKalkkipiiriss\u00e4\u201d), jossa kuvataan koko kalkin tuottamisen prosessi ja esitet\u00e4\u00e4n kalkin k\u00e4yt\u00f6n mahdollisuuksia. Kalkkipuiston keskus eli Kalkkikota on vuonna 1879 rakennettu ja vuosina 2011\u20132013 uudistettu Veljesten seurakunnan rukoushuone.<\/h3>\n<div id=\"attachment_395\" style=\"width: 310px\" class=\"wp-caption alignnone\"><a href=\"http:\/\/www.limex.ee\/wp-content\/uploads\/2014\/11\/DSCN5599.jpg\"><img loading=\"lazy\" decoding=\"async\" aria-describedby=\"caption-attachment-395\" class=\"wp-image-395 size-medium\" src=\"http:\/\/www.limex.ee\/wp-content\/uploads\/2014\/11\/DSCN5599-300x225.jpg\" alt=\"the lime park centre-former church\" width=\"300\" height=\"225\" srcset=\"https:\/\/limex.ee\/wp-content\/uploads\/2014\/11\/DSCN5599-300x225.jpg 300w, https:\/\/limex.ee\/wp-content\/uploads\/2014\/11\/DSCN5599-1024x768.jpg 1024w\" sizes=\"auto, (max-width: 300px) 100vw, 300px\" \/><\/a><p id=\"caption-attachment-395\" class=\"wp-caption-text\">Kalkkipuiston keskus<\/p><\/div>\n<div id=\"attachment_399\" style=\"width: 310px\" class=\"wp-caption alignnone\"><a href=\"http:\/\/www.limex.ee\/wp-content\/uploads\/2014\/11\/20140507-Lymanda-160_1.jpg\"><img loading=\"lazy\" decoding=\"async\" aria-describedby=\"caption-attachment-399\" class=\"wp-image-399 size-medium\" src=\"http:\/\/www.limex.ee\/wp-content\/uploads\/2014\/11\/20140507-Lymanda-160_1-300x200.jpg\" alt=\"Visitors in lime park\" width=\"300\" height=\"200\" srcset=\"https:\/\/limex.ee\/wp-content\/uploads\/2014\/11\/20140507-Lymanda-160_1-300x200.jpg 300w, https:\/\/limex.ee\/wp-content\/uploads\/2014\/11\/20140507-Lymanda-160_1-1024x683.jpg 1024w, https:\/\/limex.ee\/wp-content\/uploads\/2014\/11\/20140507-Lymanda-160_1.jpg 1800w\" sizes=\"auto, (max-width: 300px) 100vw, 300px\" \/><\/a><p id=\"caption-attachment-399\" class=\"wp-caption-text\">Kalkkipuiston vieras<\/p><\/div>\n<h3><strong>N\u00e4yttelyt ja konferenssit\/seminaarit p\u00e4\u00e4rakennuksessa<\/strong><br \/>\nHirsitalon ensimm\u00e4isess\u00e4 kerroksessa on teemapuiston vierailukeskus, jossa sijaitsevat puiston infopiste, n\u00e4yttelytila (n\u00e4yttely kalkin tuottamisen historiasta ja kalkin k\u00e4yt\u00f6st\u00e4 nykyp\u00e4iv\u00e4\u00e4n), seminaarisali enint\u00e4\u00e4n 75 hengelle, saniteettitilat ja keitti\u00f6-aputila. Seminaaritilaa kahvitaukoineen ja ruokailuineen on mahdollista erikseen varata.<\/h3>\n<div id=\"attachment_416\" style=\"width: 310px\" class=\"wp-caption alignleft\"><a href=\"http:\/\/www.limex.ee\/wp-content\/uploads\/2011\/10\/A2A4804.jpg\"><img loading=\"lazy\" decoding=\"async\" aria-describedby=\"caption-attachment-416\" class=\"wp-image-416 size-medium\" src=\"http:\/\/www.limex.ee\/wp-content\/uploads\/2011\/10\/A2A4804-300x200.jpg\" alt=\"_A2A4804\" width=\"300\" height=\"200\" srcset=\"https:\/\/limex.ee\/wp-content\/uploads\/2011\/10\/A2A4804-300x200.jpg 300w, https:\/\/limex.ee\/wp-content\/uploads\/2011\/10\/A2A4804-1024x682.jpg 1024w\" sizes=\"auto, (max-width: 300px) 100vw, 300px\" \/><\/a><p id=\"caption-attachment-416\" class=\"wp-caption-text\">Seminaarisali<\/p><\/div>\n<h3>\n<strong>Tilaisuudet<\/strong><br \/>\nTeemapuistossa on mahdollista j\u00e4rjest\u00e4\u00e4 erilaisia tilaisuuksia kuten yritysten henkil\u00f6st\u00f6tilaisuuksia, kes\u00e4p\u00e4ivi\u00e4 ja joulujuhlia. Tiloja saa vuokrata my\u00f6s syntym\u00e4p\u00e4iv\u00e4juhlia ja h\u00e4\u00e4juhlia varten, tarpeen tullessa tarjoamme catering-palvelua. J\u00e4rjest\u00e4mme my\u00f6s yrityksille teemap\u00e4ivi\u00e4 kalkintuotosta yhdess\u00e4 kalkinpolton kanssa.<\/h3>\n<div id=\"attachment_398\" style=\"width: 235px\" class=\"wp-caption alignnone\"><a href=\"http:\/\/www.limex.ee\/wp-content\/uploads\/2014\/11\/DSC01180.jpg\"><img loading=\"lazy\" decoding=\"async\" aria-describedby=\"caption-attachment-398\" class=\"wp-image-398 size-medium\" src=\"http:\/\/www.limex.ee\/wp-content\/uploads\/2014\/11\/DSC01180-225x300.jpg\" alt=\"Lime burning in small lime kiln\" width=\"225\" height=\"300\" srcset=\"https:\/\/limex.ee\/wp-content\/uploads\/2014\/11\/DSC01180-225x300.jpg 225w, https:\/\/limex.ee\/wp-content\/uploads\/2014\/11\/DSC01180-768x1024.jpg 768w, https:\/\/limex.ee\/wp-content\/uploads\/2014\/11\/DSC01180.jpg 1944w\" sizes=\"auto, (max-width: 225px) 100vw, 225px\" \/><\/a><p id=\"caption-attachment-398\" class=\"wp-caption-text\">Kalkki polttava<\/p><\/div>\n<h3>\n<strong>Piknikki- ja grillauspaikat<\/strong><br \/>\nTeemapuiston vierailijoilla on mahdollista k\u00e4ytt\u00e4\u00e4 erityisi\u00e4 piknikkipaikkoja penkkeineen, nuotiopaikkoineen ja polttopuineen. Grillikota valmistui hein\u00e4kuussa 2014 ja siin\u00e4 jopa 20 henke\u00e4 saa viett\u00e4\u00e4 yksityisesti aikaa.<\/h3>\n<div id=\"attachment_417\" style=\"width: 310px\" class=\"wp-caption alignleft\"><a href=\"http:\/\/www.limex.ee\/wp-content\/uploads\/2011\/10\/DSCN5683.jpg\"><img loading=\"lazy\" decoding=\"async\" aria-describedby=\"caption-attachment-417\" class=\"wp-image-417 size-medium\" src=\"http:\/\/www.limex.ee\/wp-content\/uploads\/2011\/10\/DSCN5683-300x225.jpg\" alt=\"DSCN5683\" width=\"300\" height=\"225\" srcset=\"https:\/\/limex.ee\/wp-content\/uploads\/2011\/10\/DSCN5683-300x225.jpg 300w, https:\/\/limex.ee\/wp-content\/uploads\/2011\/10\/DSCN5683-1024x768.jpg 1024w\" sizes=\"auto, (max-width: 300px) 100vw, 300px\" \/><\/a><p id=\"caption-attachment-417\" class=\"wp-caption-text\">Grillikota<\/p><\/div>\n<h3><\/h3>\n<h3><\/h3>\n<h3><\/h3>\n<h3><\/h3>\n<h3><\/h3>\n<h3><\/h3>\n<div id=\"attachment_418\" style=\"width: 310px\" class=\"wp-caption alignleft\"><a href=\"http:\/\/www.limex.ee\/wp-content\/uploads\/2011\/10\/DSCN6213.jpg\"><img loading=\"lazy\" decoding=\"async\" aria-describedby=\"caption-attachment-418\" class=\"size-medium wp-image-418\" src=\"http:\/\/www.limex.ee\/wp-content\/uploads\/2011\/10\/DSCN6213-300x225.jpg\" alt=\"souvenir stand\" width=\"300\" height=\"225\" srcset=\"https:\/\/limex.ee\/wp-content\/uploads\/2011\/10\/DSCN6213-300x225.jpg 300w, https:\/\/limex.ee\/wp-content\/uploads\/2011\/10\/DSCN6213-1024x768.jpg 1024w\" sizes=\"auto, (max-width: 300px) 100vw, 300px\" \/><\/a><p id=\"caption-attachment-418\" class=\"wp-caption-text\">Muistop\u00f6yt\u00f6<\/p><\/div>\n<h3><strong>Matkamuistop\u00f6yt\u00e4<\/strong><br \/>\nTeemapuistoa varten on keksitty matkamuisto \u2013 dolomiitista valmistettu mini-kalkkiuuni. T\u00e4m\u00e4n muistoesineen saa osta kalkkipuiston keskuksesta. Lis\u00e4ksi on myynniss\u00e4 AS Limexin tuotantoa \u2212 kalkkitahnoja ja -maaleja, kalkkielokuva-DVD ja erilaisia kalkista kertovia painotuotteita.<\/h3>\n<p>&nbsp;<\/p>\n<h3><strong>Hinnat<\/strong><br \/>\nKalkkipuiston vierailu \u2192 4 e\/hl\u00f6, lapsille ilmainen sis\u00e4\u00e4np\u00e4\u00e4sy<br \/>\nKalkkipuiston vierailu oppaan johdolla enint\u00e4\u00e4n 15 hengelle \u2192 5 e\/hl\u00f6, yli 15 hengelle \u2192 4 e\/hl\u00f6<br \/>\nGrillikodan k\u00e4ytt\u00f6 \u2192 10 e\/1 h<br \/>\nP\u00e4\u00e4rakennuksen k\u00e4ytt\u00f6 seminaaria varten \u2192 12 e\/1 h<br \/>\nP\u00e4\u00e4rakennuksen k\u00e4ytt\u00f6 tilaisuuksiin (h\u00e4\u00e4t, syntym\u00e4p\u00e4iv\u00e4juhlat, muut tilaisuudet) \u2192<br \/>\n200 e\/p\u00e4iv\u00e4<br \/>\nTelttailu \u2192 3 e\/hl\u00f6<\/h3>\n<h3>Tule matkustamaan ajassa meid\u00e4n vanhojen kalkkiuuniemme kanssa!<\/h3>\n","protected":false},"excerpt":{"rendered":"<p>Kalkkipuisto on avoinna 10.06. \u2013 20.08. JOKA P\u00c4IV\u00c4, muulloin ennakkotilauksesta limex@limex.ee tai puh. 5156165. Kalkkipuistossa saat tutustua 70\u201390 vuotta vanhoihin konservoituihin kalkkiuuneihin ja niiden kautta vuosisatoja vanhaan kalkin tuottamisen teknologiaan. Ihanassa mets\u00e4ss\u00e4 olevan opintopolun varrella on infotauluja, jotka mahdollistavat polulla &hellip; <a href=\"https:\/\/limex.ee\/fi\/fi-lumanda-kalkkipuiston\/\">Continue reading <span class=\"meta-nav\">&rarr;<\/span><\/a><\/p>\n","protected":false},"author":2,"featured_media":0,"parent":0,"menu_order":20,"comment_status":"closed","ping_status":"closed","template":"","meta":{"ngg_post_thumbnail":0,"footnotes":""},"class_list":["post-403","page","type-page","status-publish","hentry"],"aioseo_notices":[],"_links":{"self":[{"href":"https:\/\/limex.ee\/fi\/wp-json\/wp\/v2\/pages\/403","targetHints":{"allow":["GET"]}}],"collection":[{"href":"https:\/\/limex.ee\/fi\/wp-json\/wp\/v2\/pages"}],"about":[{"href":"https:\/\/limex.ee\/fi\/wp-json\/wp\/v2\/types\/page"}],"author":[{"embeddable":true,"href":"https:\/\/limex.ee\/fi\/wp-json\/wp\/v2\/users\/2"}],"replies":[{"embeddable":true,"href":"https:\/\/limex.ee\/fi\/wp-json\/wp\/v2\/comments?post=403"}],"version-history":[{"count":3,"href":"https:\/\/limex.ee\/fi\/wp-json\/wp\/v2\/pages\/403\/revisions"}],"predecessor-version":[{"id":433,"href":"https:\/\/limex.ee\/fi\/wp-json\/wp\/v2\/pages\/403\/revisions\/433"}],"wp:attachment":[{"href":"https:\/\/limex.ee\/fi\/wp-json\/wp\/v2\/media?parent=403"}],"curies":[{"name":"wp","href":"https:\/\/api.w.org\/{rel}","templated":true}]}}