{"id":207,"date":"2011-03-22T20:41:38","date_gmt":"2011-03-22T18:41:38","guid":{"rendered":"http:\/\/www.limex.ee\/?page_id=207"},"modified":"2012-02-08T09:30:48","modified_gmt":"2012-02-08T07:30:48","slug":"video-4","status":"publish","type":"page","link":"https:\/\/limex.ee\/fi\/video-4\/","title":{"rendered":"Video_UUSI!"},"content":{"rendered":"<div class=\"lyte-wrapper fourthree\" style=\"width:420px;max-width:100%;margin:5px;\"><div class=\"lyMe\" id=\"WYL_94xWNbgQCO4\"><div id=\"lyte_94xWNbgQCO4\" data-src=\"\/\/i.ytimg.com\/vi\/94xWNbgQCO4\/hqdefault.jpg\" class=\"pL\"><div class=\"tC\"><div class=\"tT\"><\/div><\/div><div class=\"play\"><\/div><div class=\"ctrl\"><div class=\"Lctrl\"><\/div><div class=\"Rctrl\"><\/div><\/div><\/div><noscript><a href=\"https:\/\/youtu.be\/94xWNbgQCO4\" rel=\"nofollow\"><img loading=\"lazy\" decoding=\"async\" src=\"https:\/\/i.ytimg.com\/vi\/94xWNbgQCO4\/0.jpg\" alt=\"YouTube video thumbnail\" width=\"420\" height=\"295\" \/><br \/>Watch this video on YouTube<\/a><\/noscript><\/div><\/div><div class=\"lL\" style=\"max-width:100%;width:420px;margin:5px;\"><\/div><\/p>\n<p>&nbsp;<\/p>\n<h1>Uusi DVD kalkkin tuotannosta suomeksi<\/h1>\n<h1>(19 min, 4.-EUR)<\/h1>\n<h1>L\u00e4het\u00e4 s\u00e4hk\u00f6postia limex@limex.ee<\/h1>\n","protected":false},"excerpt":{"rendered":"<p>&nbsp; Uusi DVD kalkkin tuotannosta suomeksi (19 min, 4.-EUR) L\u00e4het\u00e4 s\u00e4hk\u00f6postia limex@limex.ee<\/p>\n","protected":false},"author":1,"featured_media":0,"parent":0,"menu_order":60,"comment_status":"closed","ping_status":"closed","template":"","meta":{"ngg_post_thumbnail":0,"footnotes":""},"class_list":["post-207","page","type-page","status-publish","hentry"],"aioseo_notices":[],"_links":{"self":[{"href":"https:\/\/limex.ee\/fi\/wp-json\/wp\/v2\/pages\/207","targetHints":{"allow":["GET"]}}],"collection":[{"href":"https:\/\/limex.ee\/fi\/wp-json\/wp\/v2\/pages"}],"about":[{"href":"https:\/\/limex.ee\/fi\/wp-json\/wp\/v2\/types\/page"}],"author":[{"embeddable":true,"href":"https:\/\/limex.ee\/fi\/wp-json\/wp\/v2\/users\/1"}],"replies":[{"embeddable":true,"href":"https:\/\/limex.ee\/fi\/wp-json\/wp\/v2\/comments?post=207"}],"version-history":[{"count":5,"href":"https:\/\/limex.ee\/fi\/wp-json\/wp\/v2\/pages\/207\/revisions"}],"predecessor-version":[{"id":318,"href":"https:\/\/limex.ee\/fi\/wp-json\/wp\/v2\/pages\/207\/revisions\/318"}],"wp:attachment":[{"href":"https:\/\/limex.ee\/fi\/wp-json\/wp\/v2\/media?parent=207"}],"curies":[{"name":"wp","href":"https:\/\/api.w.org\/{rel}","templated":true}]}}