{"id":191,"date":"2011-03-22T20:32:43","date_gmt":"2011-03-22T18:32:43","guid":{"rendered":"http:\/\/www.limex.ee\/?page_id=191"},"modified":"2011-03-22T20:45:40","modified_gmt":"2011-03-22T18:45:40","slug":"as-limexin-tuotteen-saarenmaan-kalkki-teknologia","status":"publish","type":"page","link":"https:\/\/limex.ee\/fi\/as-limexin-tuotteen-saarenmaan-kalkki-teknologia\/","title":{"rendered":"Tuotteen teknologia"},"content":{"rendered":"<div id=\"attachment_39\" style=\"width: 160px\" class=\"wp-caption alignright\"><a href=\"http:\/\/www.limex.ee\/wp-content\/uploads\/2011\/03\/14s.jpg\"><img loading=\"lazy\" decoding=\"async\" aria-describedby=\"caption-attachment-39\" class=\"size-thumbnail wp-image-39\" title=\"RAAKA-AINE\" src=\"http:\/\/www.limex.ee\/wp-content\/uploads\/2011\/03\/14s-150x150.jpg\" alt=\"RAAKA-AINE\" width=\"150\" height=\"150\" \/><\/a><p id=\"caption-attachment-39\" class=\"wp-caption-text\">RAAKA-AINE<\/p><\/div>\n<p>1. <strong>RAAKA-AINE<\/strong>. Kalkintuotannon raaka-aineena ovat Silurin aikakauden (n. 460 milj. vuotta sitten) ns. Paadlan kerrostuman eri kerrosten kalkkikivilajit.<\/p>\n<p>2. <strong>RAAKA-AINEEN KAIVAMINEN<\/strong>. Lubjakivi kaevandatakse p\u00f5hiliselt k\u00e4sitsi, v\u00e4heste l\u00f5hket\u00f6\u00f6de rakendamisega. L\u00f5hkamist kasutatakse vaid lubjakivikihtide kergitamiseks ja kobestamiseks, mitte kivimilasundi l\u00f5hkumiseks. Lubjakivi murdmine toimub k\u00e4sit\u00f6\u00f6na spetsiaalsete vasarate, kiilude ja kangidega.<\/p>\n<div id=\"attachment_40\" style=\"width: 160px\" class=\"wp-caption alignleft\"><a href=\"http:\/\/www.limex.ee\/wp-content\/uploads\/2011\/03\/15s.jpg\"><img loading=\"lazy\" decoding=\"async\" aria-describedby=\"caption-attachment-40\" class=\"size-thumbnail wp-image-40\" title=\"RAAKA-AINEEN KAIVAMINEN\" src=\"http:\/\/www.limex.ee\/wp-content\/uploads\/2011\/03\/15s-150x150.jpg\" alt=\"RAAKA-AINEEN KAIVAMINEN\" width=\"150\" height=\"150\" \/><\/a><p id=\"caption-attachment-40\" class=\"wp-caption-text\">RAAKA-AINEEN KAIVAMINEN<\/p><\/div>\n<p>Kalkkikive\u00e4 kaivetaan enimm\u00e4kseen k\u00e4sin, jonkin verran k\u00e4ytet\u00e4\u00e4n r\u00e4j\u00e4ytysaineita. R\u00e4j\u00e4ytyst\u00e4 k\u00e4ytet\u00e4\u00e4n vain kalkkikivikerrosten nostamiseen ja irrottamiseen, ei kiven louhimiseen. Kalkkikiven murskaaminen tapahtuu k\u00e4sity\u00f6n\u00e4 erikoisvasaroilla, -kiiloilla ja &#8211; kangilla. Murskatut kalkkikivipalat ovat halkaisijaltaan 20-30 cm ja muodoiltaan erilaisia. Murskaamisen j\u00e4lkeen ne kuljetetaan kalkkiuuniin. Koska eri kalkkikerrokset ovat ominaisuuksiltaan erilaisia, lajitellaan eri kivilajit kiven ulkon\u00e4\u00f6n perusteella murskaamisen yhteydess\u00e4.<\/p>\n<div id=\"attachment_43\" style=\"width: 160px\" class=\"wp-caption alignright\"><a href=\"http:\/\/www.limex.ee\/wp-content\/uploads\/2011\/03\/02s.jpg\"><img loading=\"lazy\" decoding=\"async\" aria-describedby=\"caption-attachment-43\" class=\"size-thumbnail wp-image-43\" title=\"KALKKIUUNI\" src=\"http:\/\/www.limex.ee\/wp-content\/uploads\/2011\/03\/02s-150x150.jpg\" alt=\"KALKKIUUNI\" width=\"150\" height=\"150\" \/><\/a><p id=\"caption-attachment-43\" class=\"wp-caption-text\">KALKKIUUNI<\/p><\/div>\n<p>3. <strong>KALKKIUUNI<\/strong>. Kalkkikivi poltetaan noin 3,80 m korkuisessa ja 1,5 m levyisess\u00e4 ylh\u00e4\u00e4lt\u00e4 kapenevassa kalkkiuunissa. Kalkkiuunien peruskorjauksessa on k\u00e4ytetty paikallisilla asukkailla s\u00e4ilyneit\u00e4 tietoja 50 vuotta vanhojen uunien salaisuuksista. Uunin sis\u00e4pinta on vuorattu samottitiilill\u00e4; sen alla on l\u00e4mm\u00f6neristyskerros ja ulkoreunana noin 80-100 cm paksuinen kalkkikivivuoraus. Tiilien sidosaineena on k\u00e4ytetty paikallista erityist\u00e4 kuumankest\u00e4v\u00e4\u00e4 savea, joka sulaessaan muodostaa tiiliin kuumankest\u00e4v\u00e4n glasyyripinnan. Kun uuni t\u00e4ytet\u00e4\u00e4n kalkkikivill\u00e4, tehd\u00e4\u00e4n uunin pohjan keskelle noin 2 m pituinen, 1 m levyinen ja 1,2 m korkuinen tulisija (kuumennuspes\u00e4), jonka p\u00e4\u00e4lle asetetaan holveiksi suuret kalkkikivij\u00e4rk\u00e4leet (ks. kuva). Puun palamisprosessi tapahtuu tulisijassa.<\/p>\n<div id=\"attachment_46\" style=\"width: 160px\" class=\"wp-caption alignleft\"><a href=\"http:\/\/www.limex.ee\/wp-content\/uploads\/2011\/03\/05s.jpg\"><img loading=\"lazy\" decoding=\"async\" aria-describedby=\"caption-attachment-46\" class=\"size-thumbnail wp-image-46\" title=\"POLTTAMINEN\" src=\"http:\/\/www.limex.ee\/wp-content\/uploads\/2011\/03\/05s-150x150.jpg\" alt=\"POLTTAMINEN\" width=\"150\" height=\"150\" \/><\/a><p id=\"caption-attachment-46\" class=\"wp-caption-text\">POLTTAMINEN<\/p><\/div>\n<p>4. <strong>POLTTAMINEN<\/strong>. Kalkkiuuniin mahtuu kerrallaan 27-28 tonnia kalkkikive\u00e4, joka ladotaan kerroksittain tulisijan p\u00e4\u00e4lle ja sivuille. Kalkkikive\u00e4 poltetaan raaka-aineesta, l\u00e4mmitysmateriaalista, ilmastosta jne. riippuen 50 &#8211; 75 tuntia. L\u00e4mmitysmateriaalia (kuiva puu) lis\u00e4t\u00e4\u00e4n jaktuvasti k\u00e4sin tulisijaan ja sit\u00e4 kuluu noin 1 m3 tunnissa. Kalkin palamisessa tapahtuu seuraava kemiallinen reaktio:<\/p>\n<p>Ca CO3==>CaO+CO2^<br \/>\nCa CO3 = kalkkikivi<br \/>\nCaO = sammuttamaton kalkki<\/p>\n<p>Palamisl\u00e4mp\u00f6tila on noin 1100 &#8211; 1300\u00b0 C, jossa tapahtuu kalkkikiven hajoaminen ja CO2 irtoaa. Valmis kalkkikivi on v\u00e4rilt\u00e4\u00e4n vihre\u00e4nkeltaista. Palamisen j\u00e4lkeen kiven tulee j\u00e4\u00e4hty\u00e4 noin 2-3 vuorokautta. J\u00e4\u00e4htymisen aikana tulee varoa kiven joutumista kosketuksiin veden kanssa, koska sammuttamaton kalkki on kemiallisesti hyvin aktiivista.<\/p>\n<div id=\"attachment_49\" style=\"width: 160px\" class=\"wp-caption alignright\"><a href=\"http:\/\/www.limex.ee\/wp-content\/uploads\/2011\/03\/08s.jpg\"><img loading=\"lazy\" decoding=\"async\" aria-describedby=\"caption-attachment-49\" class=\"size-thumbnail wp-image-49\" title=\"SAMMUTTAMINEN\" src=\"http:\/\/www.limex.ee\/wp-content\/uploads\/2011\/03\/08s-150x150.jpg\" alt=\"SAMMUTTAMINEN\" width=\"150\" height=\"150\" \/><\/a><p id=\"caption-attachment-49\" class=\"wp-caption-text\">SAMMUTTAMINEN<\/p><\/div>\n<p>5. <strong>SAMMUTTAMINEN<\/strong>. J\u00e4\u00e4hdytt\u00e4misen j\u00e4lkeen ladotaan sammuttamattomat kalkkikiven palat nostureilla kuljetusv\u00e4lineisiin ja vied\u00e4\u00e4n sammutuspaikalle. Kalkin sammuttaminen on sammuttamattoman kalkin reagoimista veden kanssa, jolloin syntyy kalsiumhydroksidia ja vapautuu l\u00e4mp\u00f6energiaa<\/p>\n<p>CaO + H2O==>Ca(OH)2<\/p>\n<p>Sammuttaminen tapahtuu mitoiltaan 2 x 3 x 0,5 m peltialtaassa, johon mahtuu noin 300 kg CaO:ta ja noin 10 kertaa suurempi vesim\u00e4\u00e4r\u00e4. Sammutuksen aikana vett\u00e4 lis\u00e4t\u00e4\u00e4n enemm\u00e4nkin, jotta taattaisiin t\u00e4ydellinen sammutusprosessi. Reaktion onnistumiseksi massaa sekoitetaan jatkuvasti k\u00e4sin erityisill\u00e4 hangoilla. Kun CaO on liuonnut, ohjataan ns. kalkkimaito 3 mm:n aukkoisten seulojen l\u00e4pi (erottavat suuremmat liukenemattomat ja muut mekaaniset osat) hiekkakerrokseen rakennettuihin, betonilla ja puulla vuorattuihin 1,5 m syvyydess\u00e4 sijaitseviin s\u00e4ilytysaukkoihin eli hautoihin. Hiekkakerros on olennainen, jotta kosteus kerroksen ja kalkkimassan v\u00e4lill\u00e4 vaihtuisi jatkuvasti. Kalkin j\u00e4lkisammutus tapahtuu s\u00e4ilytysaukoissa noin 1-2 vuoden aikana, mink\u00e4 j\u00e4lkeen kalkkimassa (H2O:n sis\u00e4lt\u00f6 noin 55%) on valmis myyntiin. Kalkkimassaa k\u00e4ytet\u00e4\u00e4n l\u00e4hinn\u00e4 rakennust\u00f6iss\u00e4 lastiin ja rappausaineisiin, kalkkiv\u00e4rin valmistamiseen, happamien multien kalkkeamiseen jne.<\/p>\n","protected":false},"excerpt":{"rendered":"<p>1. RAAKA-AINE. Kalkintuotannon raaka-aineena ovat Silurin aikakauden (n. 460 milj. vuotta sitten) ns. Paadlan kerrostuman eri kerrosten kalkkikivilajit. 2. RAAKA-AINEEN KAIVAMINEN. Lubjakivi kaevandatakse p\u00f5hiliselt k\u00e4sitsi, v\u00e4heste l\u00f5hket\u00f6\u00f6de rakendamisega. L\u00f5hkamist kasutatakse vaid lubjakivikihtide kergitamiseks ja kobestamiseks, mitte kivimilasundi l\u00f5hkumiseks. Lubjakivi murdmine &hellip; <a href=\"https:\/\/limex.ee\/fi\/as-limexin-tuotteen-saarenmaan-kalkki-teknologia\/\">Continue reading <span class=\"meta-nav\">&rarr;<\/span><\/a><\/p>\n","protected":false},"author":1,"featured_media":0,"parent":0,"menu_order":30,"comment_status":"closed","ping_status":"closed","template":"","meta":{"ngg_post_thumbnail":0,"footnotes":""},"class_list":["post-191","page","type-page","status-publish","hentry"],"aioseo_notices":[],"_links":{"self":[{"href":"https:\/\/limex.ee\/fi\/wp-json\/wp\/v2\/pages\/191","targetHints":{"allow":["GET"]}}],"collection":[{"href":"https:\/\/limex.ee\/fi\/wp-json\/wp\/v2\/pages"}],"about":[{"href":"https:\/\/limex.ee\/fi\/wp-json\/wp\/v2\/types\/page"}],"author":[{"embeddable":true,"href":"https:\/\/limex.ee\/fi\/wp-json\/wp\/v2\/users\/1"}],"replies":[{"embeddable":true,"href":"https:\/\/limex.ee\/fi\/wp-json\/wp\/v2\/comments?post=191"}],"version-history":[{"count":4,"href":"https:\/\/limex.ee\/fi\/wp-json\/wp\/v2\/pages\/191\/revisions"}],"predecessor-version":[{"id":215,"href":"https:\/\/limex.ee\/fi\/wp-json\/wp\/v2\/pages\/191\/revisions\/215"}],"wp:attachment":[{"href":"https:\/\/limex.ee\/fi\/wp-json\/wp\/v2\/media?parent=191"}],"curies":[{"name":"wp","href":"https:\/\/api.w.org\/{rel}","templated":true}]}}