{"id":187,"date":"2011-03-22T20:26:44","date_gmt":"2011-03-22T18:26:44","guid":{"rendered":"http:\/\/www.limex.ee\/?page_id=187"},"modified":"2016-09-29T15:25:01","modified_gmt":"2016-09-29T12:25:01","slug":"limex-saaremaa-lubi%c2%ae-3","status":"publish","type":"page","link":"https:\/\/limex.ee\/fi\/","title":{"rendered":"Yrityksemme"},"content":{"rendered":"<div id=\"attachment_33\" style=\"width: 310px\" class=\"wp-caption alignright\"><a href=\"http:\/\/www.limex.ee\/wp-content\/uploads\/2011\/03\/06s.jpg\"><img loading=\"lazy\" decoding=\"async\" aria-describedby=\"caption-attachment-33\" class=\"size-medium wp-image-33\" title=\"LIMEX SAAREMAA LUBI\u00ae\" src=\"http:\/\/www.limex.ee\/wp-content\/uploads\/2011\/03\/06s-300x202.jpg\" alt=\"LIMEX SAAREMAA LUBI\u00ae\" width=\"300\" height=\"202\" srcset=\"https:\/\/limex.ee\/wp-content\/uploads\/2011\/03\/06s-300x202.jpg 300w, https:\/\/limex.ee\/wp-content\/uploads\/2011\/03\/06s.jpg 750w\" sizes=\"auto, (max-width: 300px) 100vw, 300px\" \/><\/a><p id=\"caption-attachment-33\" class=\"wp-caption-text\">LIMEX SAAREMAA LUBI\u00ae<\/p><\/div>\n<p>Jo vuosisatoja on maailmassa tunnettu kallkikive\u00e4 polttamalla saatu rakennuskalkki. Yli sata vuotta on kalkkia poltettu my\u00f6s Viron suurimmalla saarella-Saarenmaalla. Vuonna 1994 perustettu yksityisomistukseen perustuva osakeyhti\u00f6 LIMEX kunnosti vanhan kalkinpolttouunin ja alkoi polttaa kalkkia satoja vuosia vanhalla teknologilla, joka on taannut laatukalkin tuoton jo yli 50 vuoden ajan l\u00e4hes muuttumattomana.<\/p>\n<p>Teknologian omaper\u00e4isyys ja korkean laadun takaaja on k\u00e4stity\u00f6, joka alkaa polttoon meneve\u00e4n kalkin lajittelulla ja p\u00e4\u00e4ttyy valmiin tuotteen luokitteluun eri laatuluokkiin. Polttamisessa k\u00e4ytet\u00e4\u00e4n ainoastaan hyvin kuivatettua puumateriaalia, josta ei erity laatua alentavia lis\u00e4aineita. Vuosituotannoksi on suuniteltu max 500 tonnia korkealuokkaista kalkkia sekoitteena (vett\u00e4 noin 50%), jota s\u00e4ilytet\u00e4\u00e4n maanalaisissa, valvotuissa s\u00e4li\u00f6iss\u00e4.<\/p>\n<p>Kalkkia on k\u00e4ytetty rakennusmateriaalina hyvin kauan. Sen k\u00e4ytt\u00f6 voimistui 1400-1500- luvilla ja Euroopan monien hansakaupunkien perusrakennusmateriaali onkin kalkki. Mielest\u00e4mme kalkki on sopivin vesieristeett\u00f6mien historiallisten rakennusten ja rakennelmien rappaamiseen ja maalamiseen, koska se mahdollistaa vesih\u00f6yryn vapaan l\u00e4pip\u00e4\u00e4syn. Kalkkia k\u00e4ytet\u00e4\u00e4n my\u00f6s uudis-rakennuksissa, koska rapatessa ja maalatessa luonnonkalkilla, sein\u00e4rakenne hengitt\u00e4\u00e4 vapasti ja kosteus saa liikkua ilman ett\u00e4 siit\u00e4 koituisi viimeistellylle pinnalle jotain seurauksia. T\u00e4ss\u00e4 siit\u00e4 koituisi viimeistellylle pinnalle jotain seurauksia. T\u00e4ss\u00e4 tulisi aina noudattaa peruss\u00e4\u00e4nt\u00f6\u00e4: kalkkimaali kalkkirappaukseen ja kalkkisementtimaali kalkkisementtirappaukseen. Kalkkimaalia voidaan my\u00f6s s\u00e4vytt\u00e4\u00e4 luonnon v\u00e4ripigmenteill\u00e4. Nyky\u00e4\u00e4n arvostetaan my\u00f6s kalkin luonnonmukaisia ominaisuuksia: rakennusmateriaalin ymp\u00e4rist\u00f6- ihmisyst\u00e4v\u00e4llisyytt\u00e4.<\/p>\n<p>LIMEX Oy markkinoi tuotantoaan tavaramerkill\u00e4 LIMEX SAAREMAA LUBI\u00ae (Saarenmaan Kalkki).<\/p>\n<p><a href=\"http:\/\/www.limex.ee\/wp-content\/uploads\/2011\/03\/unesco3.png\"><img loading=\"lazy\" decoding=\"async\" class=\"alignleft size-medium wp-image-567\" src=\"http:\/\/www.limex.ee\/wp-content\/uploads\/2011\/03\/unesco3-300x120.png\" alt=\"unesco3\" width=\"300\" height=\"120\" srcset=\"https:\/\/limex.ee\/wp-content\/uploads\/2011\/03\/unesco3-300x120.png 300w, https:\/\/limex.ee\/wp-content\/uploads\/2011\/03\/unesco3-1024x410.png 1024w, https:\/\/limex.ee\/wp-content\/uploads\/2011\/03\/unesco3.png 1785w\" sizes=\"auto, (max-width: 300px) 100vw, 300px\" \/><\/a><\/p>\n","protected":false},"excerpt":{"rendered":"<p>Jo vuosisatoja on maailmassa tunnettu kallkikive\u00e4 polttamalla saatu rakennuskalkki. Yli sata vuotta on kalkkia poltettu my\u00f6s Viron suurimmalla saarella-Saarenmaalla. Vuonna 1994 perustettu yksityisomistukseen perustuva osakeyhti\u00f6 LIMEX kunnosti vanhan kalkinpolttouunin ja alkoi polttaa kalkkia satoja vuosia vanhalla teknologilla, joka on taannut &hellip; <a href=\"https:\/\/limex.ee\/fi\/\">Continue reading <span class=\"meta-nav\">&rarr;<\/span><\/a><\/p>\n","protected":false},"author":1,"featured_media":0,"parent":0,"menu_order":10,"comment_status":"closed","ping_status":"closed","template":"","meta":{"ngg_post_thumbnail":0,"footnotes":""},"class_list":["post-187","page","type-page","status-publish","hentry"],"aioseo_notices":[],"_links":{"self":[{"href":"https:\/\/limex.ee\/fi\/wp-json\/wp\/v2\/pages\/187","targetHints":{"allow":["GET"]}}],"collection":[{"href":"https:\/\/limex.ee\/fi\/wp-json\/wp\/v2\/pages"}],"about":[{"href":"https:\/\/limex.ee\/fi\/wp-json\/wp\/v2\/types\/page"}],"author":[{"embeddable":true,"href":"https:\/\/limex.ee\/fi\/wp-json\/wp\/v2\/users\/1"}],"replies":[{"embeddable":true,"href":"https:\/\/limex.ee\/fi\/wp-json\/wp\/v2\/comments?post=187"}],"version-history":[{"count":5,"href":"https:\/\/limex.ee\/fi\/wp-json\/wp\/v2\/pages\/187\/revisions"}],"predecessor-version":[{"id":573,"href":"https:\/\/limex.ee\/fi\/wp-json\/wp\/v2\/pages\/187\/revisions\/573"}],"wp:attachment":[{"href":"https:\/\/limex.ee\/fi\/wp-json\/wp\/v2\/media?parent=187"}],"curies":[{"name":"wp","href":"https:\/\/api.w.org\/{rel}","templated":true}]}}