{"id":524,"date":"2015-08-14T12:22:43","date_gmt":"2015-08-14T09:22:43","guid":{"rendered":"http:\/\/www.limex.ee\/?page_id=524"},"modified":"2015-08-14T12:22:43","modified_gmt":"2015-08-14T09:22:43","slug":"technologie","status":"publish","type":"page","link":"https:\/\/limex.ee\/de\/technologie\/","title":{"rendered":"Technologie"},"content":{"rendered":"<p>Schon seit tausenden Jahren haben die Menschen den Kalk als Bindemittel bei den Farben, Kalkbewurf und Kalkm\u00f6rtel verwendet. Der \u00e4lteste Kalkofen ist in Mesopotamien 2450 v. Ch. gefunden worden. Im 13. Jahrhundert fingen die Esten an, den Kalk zu verwenden. Das haupts\u00e4chlich bei den Bauarbeiten der Kirchen. Das gute Vorbild hier waren die Deutschen und Skandinavischen Meister. Im 18. und 19. Jahrhundert entwickelte sich die Kalkbrennerei in Estland rasant. Zum Beispiel z\u00e4hlte man im Jahr 1864 insgesamt 304 Kalkbrennereien. In der zweiten H\u00e4lfte des 19. Jahrhunderts fing man an, auch bei den Bauernh\u00f6fen, die kleineren Brennereien zu bauen. Hier, auf diesem Grundst\u00fcck, wurde die erste Brennerei im Jahr 1895 erbaut.<br \/>\n<a href=\"http:\/\/www.limex.ee\/wp-content\/uploads\/2014\/11\/DSCN4403.jpg\"><img loading=\"lazy\" decoding=\"async\" class=\"alignleft size-medium wp-image-397\" src=\"http:\/\/www.limex.ee\/wp-content\/uploads\/2014\/11\/DSCN4403-300x225.jpg\" alt=\"DSCN4403\" width=\"300\" height=\"225\" srcset=\"https:\/\/limex.ee\/wp-content\/uploads\/2014\/11\/DSCN4403-300x225.jpg 300w, https:\/\/limex.ee\/wp-content\/uploads\/2014\/11\/DSCN4403-1024x768.jpg 1024w\" sizes=\"auto, (max-width: 300px) 100vw, 300px\" \/><\/a>Alle Kalk\u00f6fen hier im Park sind verschieden gro\u00df und haben verschiedene Formen. Die allgemeine Regel war aber, dass der Ofen 2,5 &#8211; 4 m hoch und 1,5 &#8211; 2,5 m breit war. Die neuesten \u00d6fen sind gr\u00f6sser, die \u00e4ltesten kleiner. Die Innenofenw\u00e4nde waren meistens aus Granit, als Bindemittel wurde ein besonders hitzebest\u00e4ndiger Lehm verwendet, den man aus einem speziellen Ort in Kuusn\u00f6mme holen konnte. Dieser Lehm bildete die W\u00e4nde entlang eine starke Glasurschicht, die man hier auch sehen kann. Die Aussenw\u00e4nde waren entweder aus Kalkstein oder auch aus Granit. Beim Standort des Ofens war das nat\u00fcrlich wichtig, dass der Kalkstein in der N\u00e4he vorhanden war. Die \u00d6fen hier im Park sind alle direkt auf steinigen B\u00f6den gebaut worden. Rund um die \u00d6fen trug man Kies, Steine, Sand, Erde etc zusammen, damit die \u00d6fen eine noch bessere W\u00e4rmeisolation h\u00e4tten. Das allerwichtigste Teil des Ofens ist die Frontwand, deren obere Kante bogenf\u00f6rmig gebaut wurde. Die Frontwand war auch st\u00e4rker und massiver aufgebaut als die anderen W\u00e4nde.<br \/>\n<a href=\"http:\/\/www.limex.ee\/wp-content\/uploads\/2011\/03\/10s.jpg\"><img loading=\"lazy\" decoding=\"async\" class=\"alignleft size-medium wp-image-51\" src=\"http:\/\/www.limex.ee\/wp-content\/uploads\/2011\/03\/10s-300x225.jpg\" alt=\"10s\" width=\"300\" height=\"225\" srcset=\"https:\/\/limex.ee\/wp-content\/uploads\/2011\/03\/10s-300x225.jpg 300w, https:\/\/limex.ee\/wp-content\/uploads\/2011\/03\/10s.jpg 750w\" sizes=\"auto, (max-width: 300px) 100vw, 300px\" \/><\/a>Der \u00f6rtliche Kalkstein ist vor 400 Mio Jahren in der Zeit des Siluriums in den tropischen Klimabedingungen entstanden. Die Insel Saaremaa befand sich damals mit Australien in der selben H\u00f6he. Also ist unser Kalkstein den langen Weg \u00fcber den \u00c4quator gereist und auf der Nordh\u00e4lfte der Erde angekommen. Der Kalkstein befindet sich in der Erde in mehreren Schichten. Nicht alle von diesen Schichten sind f\u00fcr das Kalkbrennen geeignet, deswegen muss man die Schichten sehr gut durchschauen und sortieren. Es werden in der Welt grunds\u00e4tzlich 2 Arten\/Sorten vom Kalk produziert &#8211; der sogenannte Luftkalk, den gewinnt man aus purem Kalkstein, und der hydraulische Kalk, den gewinnt man aus lehmhaltigen Kalkstein. In unserer Gegend wird haupts\u00e4chlich der Luftkalk produziert. Der Luftkalk wird hart, w\u00e4hrend der Kalk auf Calcium Dioxyd in der Luft reagiert, der hydraulische Kalk wird hart, wenn man den mit Wasser mischt, \u00e4hnlich Zementr\u00fchren.<br \/>\nDas Kalkbrennen f\u00e4ngt damit an, dass man in den Kalkgrube die Steine brechen muss. Zuerst wird der Mutterboden beseitigt, bis die Kalksteinschichten zu sehen sind. Dann wird gebrochen &#8211; mit den speziellen Keilen, Stangen, Hammern. Die Keile werden zwischen die Schichten eingeschlagen, mit Stangen werden die Schichten Schritt f\u00fcr Schritt h\u00f6her gehoben und die gro\u00dfen Steinbl\u00f6cke herausgebrochen. Mit dem Hammer werden die letzten dann in passende St\u00fccke gemacht. Beim Zerkleinern achtet man genau auf die Risse und Ritzen in den Steinen, das erleichtert das Zerst\u00fcckeln ungemein. F\u00fcr das Kalkstein Brechen ist Fr\u00fchling die beste Zeit, da die Frost Spannungen vom Winter noch in den Steinen sitzen und die Spannungen sehr dazu beitragen, dass das Zerkleinern der Steine leichter geht.<br \/>\n<a href=\"http:\/\/www.limex.ee\/wp-content\/uploads\/2011\/03\/03s.jpg\"><img loading=\"lazy\" decoding=\"async\" class=\"alignleft size-medium wp-image-44\" src=\"http:\/\/www.limex.ee\/wp-content\/uploads\/2011\/03\/03s-212x300.jpg\" alt=\"03s\" width=\"212\" height=\"300\" srcset=\"https:\/\/limex.ee\/wp-content\/uploads\/2011\/03\/03s-212x300.jpg 212w, https:\/\/limex.ee\/wp-content\/uploads\/2011\/03\/03s.jpg 389w\" sizes=\"auto, (max-width: 212px) 100vw, 212px\" \/><\/a>Der Kalkofen hat eigentlich 2 \u00d6fen: einen Steinraum und einen Feuerraum. Der Feuerrraum wird mit Brennholz gef\u00fcllt. Der Steinraum mit Kalksteinen gef\u00fcllt. Der Steinraum befindet sich \u00fcber und neben dem Feuerrraum (siehe Foto 2)Vor dem Kalkbrennen wird der Kalkstein sortiert &#8211; aus m\u00f6glichst gleichgro\u00dfen und glatten Steinen wird jetzt erst die Mauer f\u00fcr den Feuerraum gebaut. F\u00fcr den Feuerrraum braucht man einen speziellen Kalkstein (m\u00f6glichst Ziegelartige St\u00fccke). Von der ganzen Ofenbreite nimmt der Feuerraum ca 2\/3 und ist meistens 80-150 cm hoch. In den W\u00e4nden bleiben kleine \u00d6ffnungen, damit der Luftzug f\u00fcr das Brennen vorhanden ist. Hier kann man in den Feuerraum hinein gucken, weil das Gew\u00f6lbe oben fehlt.<br \/>\nDer wichtigste Prozess vor dem Kalkbrennen ist das Aufbauen des Ofengew\u00f6lbes. Das Gew\u00f6lbe muss das ganze Gewicht der Kalksteine tragen und darf nicht zusammen fallen. Das Gew\u00f6lbe muss auch die Hitze im Ofen gleichm\u00e4\u00dfig verteilen. Die Gew\u00f6lbesteine tragen die Hitze auch am l\u00e4ngsten und deswegen muss das Gew\u00f6lbe aus besonders hitzebest\u00e4ndigen Steinen aufgebaut werden. Diese Steine bilden in der Kalkgrube eine Schicht f\u00fcr sich, die auch so heisst &#8211; die Gew\u00f6lbesteineschicht. Die Steine wurden auf die Kante gelegt, kreuz \u00fcber den Feuerraum und in die Zwischenr\u00e4ume wurden kleinere, sogenannte Keilsteine hinein gepresst.<\/p>\n<p>&nbsp;<\/p>\n<div id=\"attachment_398\" style=\"width: 235px\" class=\"wp-caption alignleft\"><a href=\"http:\/\/www.limex.ee\/wp-content\/uploads\/2014\/11\/DSC01180.jpg\"><img loading=\"lazy\" decoding=\"async\" aria-describedby=\"caption-attachment-398\" class=\"size-medium wp-image-398\" src=\"http:\/\/www.limex.ee\/wp-content\/uploads\/2014\/11\/DSC01180-225x300.jpg\" alt=\"Lime burning in small lime kiln\" width=\"225\" height=\"300\" srcset=\"https:\/\/limex.ee\/wp-content\/uploads\/2014\/11\/DSC01180-225x300.jpg 225w, https:\/\/limex.ee\/wp-content\/uploads\/2014\/11\/DSC01180-768x1024.jpg 768w, https:\/\/limex.ee\/wp-content\/uploads\/2014\/11\/DSC01180.jpg 1944w\" sizes=\"auto, (max-width: 225px) 100vw, 225px\" \/><\/a><p id=\"caption-attachment-398\" class=\"wp-caption-text\">Lime burning in small lime kiln<\/p><\/div>\n<p>Wenn dann das Gew\u00f6lbe vern\u00fcnftig aufgebaut war, konnte man anfangen, den Ofen mit den Kalksteinst\u00fccken zu f\u00fcllen. Man durfte die Steine niemals stapeln, weil es zwischen den Steinen unbedingt einen Luftzug geben musste. Manchmal wurden zwischen die Steine lange Holzlatten gesteckt, die dann nach dem Abbrennen richtige Luftkan\u00e4le im Ofen gebildet haben. Bis ein Ofen voller Kalksteine gebrannt ist, vergehen 2-3 Tage. Daf\u00fcr muss der Kalkbrenner st\u00fcndlich ca 1m\u00b3 ungef\u00e4hr 2 m langes trockenes Brennholz drauflegen. An den \u00d6fen sind immer Schichtdienste. Fr\u00fcher waren das 12 Stunden, jetzt 8 Stunden im St\u00fcck eine Schicht. Die Temperatur im Ofen ist 1000\u00b0C bis 1300\u00b0C. Chemisch gesehen passiert im Ofen Folgendes: CaCO\u00b3==&gt;CaO+CO\u00b2 (CaCO\u00b3 &#8211; Kalkstein, CaO &#8211; ungel\u00f6schter Kalk). Die gut gebrannten Kalksteine bewahren iher Form, bekommen eine gr\u00fcn-gelbliche Farbe und verlieren ca 30% vom Gewicht. Gebrannter Kalkstein ist chemisch sehr aktiv, f\u00e4ngt gleich an auf die Luftfeuchtigkeit zu reagieren bzw. l\u00f6schen und wird schnell Pulver oder Pasta.<\/p>\n<p>&nbsp;<\/p>\n<div id=\"attachment_47\" style=\"width: 310px\" class=\"wp-caption alignleft\"><a href=\"http:\/\/www.limex.ee\/wp-content\/uploads\/2011\/03\/06s1.jpg\"><img loading=\"lazy\" decoding=\"async\" aria-describedby=\"caption-attachment-47\" class=\"size-medium wp-image-47\" src=\"http:\/\/www.limex.ee\/wp-content\/uploads\/2011\/03\/06s1-300x202.jpg\" alt=\"Lubjap\u00f5letuse maa-ahi\" width=\"300\" height=\"202\" srcset=\"https:\/\/limex.ee\/wp-content\/uploads\/2011\/03\/06s1-300x202.jpg 300w, https:\/\/limex.ee\/wp-content\/uploads\/2011\/03\/06s1.jpg 750w\" sizes=\"auto, (max-width: 300px) 100vw, 300px\" \/><\/a><p id=\"caption-attachment-47\" class=\"wp-caption-text\">Lubjap\u00f5letuse maa-ahi<\/p><\/div>\n<p>Limex Ltd arbeitet nach dem System: das Heizen\/Brennen f\u00e4ngt am fr\u00fchen Morgen Mittwochs an und endet am sp\u00e4ten Abend Freitags. An Wochenden kann der Ofen ausk\u00fchlen. Die gebrannten Steine werden Montags aus dem Ofen geholt: Per hand in die spezielle Kiste geladen, per Kran aus dem Ofen heraus gehoben und zum Lagern transportiert. Das Ganze darf nicht gemacht werden, wenn die Luftfeuchtigkeit sehr hoch ist, dann kann das alles gesundheitssch\u00e4dlich werden, ganz abgesehen davon, dass der gebrannte Kalk anf\u00e4ngt auf die Feuchtigkeit zu reagieren und daraus schnell eine Pasta wird. Fr\u00fcher wurde der gebrannte Kalk auf dem Bauobjekt gel\u00f6scht, heute machen wir das in einer speziellen Wanne gleich nach dem Brennen und dann wird er in die Erde gef\u00fchrt, in die Lagergruben. Bei den Bauernh\u00f6fen gab es immer kleine Kalklagergruben, meistens direkt hinter der Sauna. Da l\u00f6schte sich der Kalk beim Regen selber, manchmal wurde auch Wasser dazu gegeben, damit die Qualit\u00e4t besser w\u00e4re.<br \/>\n<a href=\"http:\/\/www.limex.ee\/wp-content\/uploads\/2015\/08\/DSCN5672.jpg\"><img loading=\"lazy\" decoding=\"async\" class=\"alignleft size-medium wp-image-526\" src=\"http:\/\/www.limex.ee\/wp-content\/uploads\/2015\/08\/DSCN5672-300x225.jpg\" alt=\"DSCN5672\" width=\"300\" height=\"225\" srcset=\"https:\/\/limex.ee\/wp-content\/uploads\/2015\/08\/DSCN5672-300x225.jpg 300w, https:\/\/limex.ee\/wp-content\/uploads\/2015\/08\/DSCN5672-1024x768.jpg 1024w\" sizes=\"auto, (max-width: 300px) 100vw, 300px\" \/><\/a>Um Kalk zu l\u00f6schen, mischt man ungel\u00f6schten Kalk (gebrannten Kalkstein) mit Wasser. Chemisch gesehen: CaO + H\u00b2O ==&gt; Ca(OH)\u00b2. Es entseht Calcium Hydroxid bzw. gel\u00f6schter Kalk. Die spezielle Wanne wird mit 200-300 kg ungel\u00f6schtem Kalk und ca 2,5 Tonnen Wasser gef\u00fcllt. In den folgenden 15 Minuten l\u00e4sst man den Kalk auf Wasser reagieren bzw. l\u00f6schen. Danach wird die Masse auch richtig umger\u00fchrt, damit der ganze Kalk nass wird und gut l\u00f6schen kann. Der gebrannte Kalkstein &#8222;schmilzt&#8220; im Wasser, es entsteht eine wei\u00dfe milchige Fl\u00fcssigkeit, dazu sagt man auch Kalkmilch. Die wird gesiebt und in die Erde in die Lagergruben gef\u00fchrt. Dort kann das \u00fcberfl\u00fcssige Wasser mit der Zeit in die Erde sickern. Nachbleibt eine Zahnpasta-artige Kalkmasse, die ca 50% Wasser enth\u00e4lt. In diesen Lagergruben kann man den Kalk von 3 Monaten bis zu zig Jahren lagern. Je l\u00e4nger die Lagerungszeit, umso kleiner werden die Kalkteilchen und dadurch verbessert sich die Qualit\u00e4t.<br \/>\nDer Kalk wird als Kalkmilch verkauft. Der Kalk f\u00fcr die Farben muss mindestens 3 Jahre und der Kalk f\u00fcr Kalkbewurf mindestens 6 Monate gelagert sein. Es ist sehr wichtig, den Kalk als Pastamasse mit dem hohen Wasseranteil zu lagern, weil das Wasser es nicht zul\u00e4sst, dass die luft an Kalk herankommt. Der Kalk wird in der Zucker- Metall aber auch Papierinustrie verwendet, aber vor allem nat\u00fcrlich in der Baumaterialienindustrie f\u00fcr Kalkfarben, Kalkm\u00f6rtel und Kalkbewurf als Bindemittel. Praktisch geschieht Folgendes: der gel\u00f6schter Kalk an den Hausw\u00e4nden etc. ist Dasgleiche wie der Kalkstein vor dem Brennen in der Kalkgrube. Gel\u00f6schter Kalk = Calcium Hydroxid reagiert auf auf CO\u00b2 in der Luft, es entsteht Calcium Karbonat. Chemisch gesehen: Ca(OH)\u00b2 + CO\u00b2 = CaCO\u00b3 + H\u00b2O.<br \/>\n<a href=\"http:\/\/www.limex.ee\/wp-content\/uploads\/2011\/03\/oxenstiernska_palatset_005-308x231.jpg\"><img loading=\"lazy\" decoding=\"async\" class=\"alignleft size-medium wp-image-518\" src=\"http:\/\/www.limex.ee\/wp-content\/uploads\/2011\/03\/oxenstiernska_palatset_005-308x231-300x225.jpg\" alt=\"oxenstiernska_palatset_005-308x231\" width=\"300\" height=\"225\" srcset=\"https:\/\/limex.ee\/wp-content\/uploads\/2011\/03\/oxenstiernska_palatset_005-308x231-300x225.jpg 300w, https:\/\/limex.ee\/wp-content\/uploads\/2011\/03\/oxenstiernska_palatset_005-308x231.jpg 308w\" sizes=\"auto, (max-width: 300px) 100vw, 300px\" \/><\/a>Den Kalk, den wir produzieren, verwendet man als Bau- und Bindematerial bei verschiedenen Kalkfarben, Kalkbewurf und Kalkm\u00f6rtel. Dank dem naturellen Brennholz hat unser Kalk eine saubere Qualit\u00e4t und ist fast ohne jegliche Zusatzstoffe. Der Kalkm\u00f6rtel traditionell estnischer Art besteht aus Sand und Kalkmilch, 3:1. Um eine gew\u00f6hnliche Kalkfarbe zu bekommen, nimmt man Wasser und Kalkmilch, 2:1 bis 5:1. Kommt darauf an, ob es Aussen- oder Innenw\u00e4nde sind. Die Aussenw\u00e4nde brauchen eine st\u00e4rkere Konzentrazion. Die Kalkfarben werden mit den nat\u00fcrlichen Farbstoffen getont. Den Kalk aus L\u00fcmanda kennt man ausser Estland noch in Lettland, Litauen, Finnland und Schweden. Die bekanntesten Objekte, wo unser Kalk verwendet wurde, sind das Parlamentsgeb\u00e4ude in Tallinn, das Hauptgeb\u00e4ude der Uni und des Hugo Treffner Gymnasiums in Tartu, Schloss Alatskivi im Landkreis Tartumaa, die Gediminas Festung in Litauen, der Dom und die Zoll Schule in Helsinki.<\/p>\n","protected":false},"excerpt":{"rendered":"<p>Schon seit tausenden Jahren haben die Menschen den Kalk als Bindemittel bei den Farben, Kalkbewurf und Kalkm\u00f6rtel verwendet. Der \u00e4lteste Kalkofen ist in Mesopotamien 2450 v. Ch. gefunden worden. Im 13. Jahrhundert fingen die Esten an, den Kalk zu verwenden. &hellip; <a href=\"https:\/\/limex.ee\/de\/technologie\/\">Weiterlesen <span class=\"meta-nav\">&rarr;<\/span><\/a><\/p>\n","protected":false},"author":2,"featured_media":0,"parent":0,"menu_order":0,"comment_status":"closed","ping_status":"closed","template":"","meta":{"ngg_post_thumbnail":0,"footnotes":""},"class_list":["post-524","page","type-page","status-publish","hentry"],"aioseo_notices":[],"_links":{"self":[{"href":"https:\/\/limex.ee\/de\/wp-json\/wp\/v2\/pages\/524","targetHints":{"allow":["GET"]}}],"collection":[{"href":"https:\/\/limex.ee\/de\/wp-json\/wp\/v2\/pages"}],"about":[{"href":"https:\/\/limex.ee\/de\/wp-json\/wp\/v2\/types\/page"}],"author":[{"embeddable":true,"href":"https:\/\/limex.ee\/de\/wp-json\/wp\/v2\/users\/2"}],"replies":[{"embeddable":true,"href":"https:\/\/limex.ee\/de\/wp-json\/wp\/v2\/comments?post=524"}],"version-history":[{"count":1,"href":"https:\/\/limex.ee\/de\/wp-json\/wp\/v2\/pages\/524\/revisions"}],"predecessor-version":[{"id":527,"href":"https:\/\/limex.ee\/de\/wp-json\/wp\/v2\/pages\/524\/revisions\/527"}],"wp:attachment":[{"href":"https:\/\/limex.ee\/de\/wp-json\/wp\/v2\/media?parent=524"}],"curies":[{"name":"wp","href":"https:\/\/api.w.org\/{rel}","templated":true}]}}