{"id":439,"date":"2015-04-11T07:33:14","date_gmt":"2015-04-11T04:33:14","guid":{"rendered":"http:\/\/www.limex.ee\/?page_id=439"},"modified":"2015-04-11T07:33:14","modified_gmt":"2015-04-11T04:33:14","slug":"lumanda-kalk-und-teerpark","status":"publish","type":"page","link":"https:\/\/limex.ee\/de\/lumanda-kalk-und-teerpark\/","title":{"rendered":"L\u00dcMANDA KALK- UND TEERPARK"},"content":{"rendered":"<p>Auf dem Kalk-Park Wanderweg (ca. 1,8 km, 1 h) k\u00f6nnen Sie alte Kalk\u00f6fen kennenlernen. Die erforderlichen Informationen sind in 5 Sprachen verf\u00fcgbar. Zus\u00e4tzlich gibt es die M\u00f6glichkeit, den Film &#8222;Im Kreislauf des Kalks&#8220; zu sehen, in dem der historische Prozess der Herstellung von Kalk und Einsatzm\u00f6glichkeiten von Kalk beschrieben sind. Auf dem Wanderweg ist es m\u00f6glich, mit der Hand Kalkstein abzubauen und das Kalkbrennen zu beobachten.<\/p>\n<div id=\"attachment_399\" style=\"width: 310px\" class=\"wp-caption alignleft\"><a href=\"http:\/\/www.limex.ee\/wp-content\/uploads\/2014\/11\/20140507-Lymanda-160_1.jpg\"><img loading=\"lazy\" decoding=\"async\" aria-describedby=\"caption-attachment-399\" class=\"size-medium wp-image-399\" src=\"http:\/\/www.limex.ee\/wp-content\/uploads\/2014\/11\/20140507-Lymanda-160_1-300x200.jpg\" alt=\"Visitors in lime park\" width=\"300\" height=\"200\" srcset=\"https:\/\/limex.ee\/wp-content\/uploads\/2014\/11\/20140507-Lymanda-160_1-300x200.jpg 300w, https:\/\/limex.ee\/wp-content\/uploads\/2014\/11\/20140507-Lymanda-160_1-1024x683.jpg 1024w, https:\/\/limex.ee\/wp-content\/uploads\/2014\/11\/20140507-Lymanda-160_1.jpg 1800w\" sizes=\"auto, (max-width: 300px) 100vw, 300px\" \/><\/a><p id=\"caption-attachment-399\" class=\"wp-caption-text\">Visitors in lime park<\/p><\/div>\n<div id=\"attachment_398\" style=\"width: 235px\" class=\"wp-caption alignleft\"><a href=\"http:\/\/www.limex.ee\/wp-content\/uploads\/2014\/11\/DSC01180.jpg\"><img loading=\"lazy\" decoding=\"async\" aria-describedby=\"caption-attachment-398\" class=\"size-medium wp-image-398\" src=\"http:\/\/www.limex.ee\/wp-content\/uploads\/2014\/11\/DSC01180-225x300.jpg\" alt=\"Lime burning in small lime kiln\" width=\"225\" height=\"300\" srcset=\"https:\/\/limex.ee\/wp-content\/uploads\/2014\/11\/DSC01180-225x300.jpg 225w, https:\/\/limex.ee\/wp-content\/uploads\/2014\/11\/DSC01180-768x1024.jpg 768w, https:\/\/limex.ee\/wp-content\/uploads\/2014\/11\/DSC01180.jpg 1944w\" sizes=\"auto, (max-width: 225px) 100vw, 225px\" \/><\/a><p id=\"caption-attachment-398\" class=\"wp-caption-text\">Lime burning in small lime kiln<\/p><\/div>\n<p>&nbsp;<\/p>\n<p>&nbsp;<\/p>\n<p>&nbsp;<\/p>\n<p>&nbsp;<\/p>\n<p>&nbsp;<\/p>\n<p>&nbsp;<\/p>\n<p>&nbsp;<\/p>\n<p>&nbsp;<\/p>\n<p>VERANTSTALTUNGEN<br \/>\nIn dem im Jahre 1879 erbauten \u201ePalvemaja\u201c (Haus des Gebetes) liegt das Besucherzentrum, wo sich ein Park-Informationszentrum, ein Ausstellungsraum und ein Konferenzraum f\u00fcr bis zu 75 Personen, und Toiletten befinden. Im Park besteht die M\u00f6glichkeit, eine Vielzahl von Veranstaltungen zu organisieren: offizielle Veranstaltungen, Sommerfeste und Weihnachtsfeiern, Geburtstage und Hochzeiten, falls erforderlich steht Catering-Service zur Verf\u00fcgung.<\/p>\n<p><a href=\"http:\/\/www.limex.ee\/wp-content\/uploads\/2014\/11\/DSCN5599.jpg\"><img loading=\"lazy\" decoding=\"async\" class=\"alignleft size-medium wp-image-395\" src=\"http:\/\/www.limex.ee\/wp-content\/uploads\/2014\/11\/DSCN5599-300x225.jpg\" alt=\"the lime park centre-former church\" width=\"300\" height=\"225\" srcset=\"https:\/\/limex.ee\/wp-content\/uploads\/2014\/11\/DSCN5599-300x225.jpg 300w, https:\/\/limex.ee\/wp-content\/uploads\/2014\/11\/DSCN5599-1024x768.jpg 1024w\" sizes=\"auto, (max-width: 300px) 100vw, 300px\" \/><\/a><\/p>\n<p><a href=\"http:\/\/www.limex.ee\/wp-content\/uploads\/2011\/10\/A2A4804.jpg\"><img loading=\"lazy\" decoding=\"async\" class=\"alignleft size-medium wp-image-416\" src=\"http:\/\/www.limex.ee\/wp-content\/uploads\/2011\/10\/A2A4804-300x200.jpg\" alt=\"_A2A4804\" width=\"300\" height=\"200\" srcset=\"https:\/\/limex.ee\/wp-content\/uploads\/2011\/10\/A2A4804-300x200.jpg 300w, https:\/\/limex.ee\/wp-content\/uploads\/2011\/10\/A2A4804-1024x682.jpg 1024w\" sizes=\"auto, (max-width: 300px) 100vw, 300px\" \/><\/a><\/p>\n<p>&nbsp;<\/p>\n<p>&nbsp;<\/p>\n<p>&nbsp;<\/p>\n<p>&nbsp;<\/p>\n<p>&nbsp;<\/p>\n<p>&nbsp;<\/p>\n<p>&nbsp;<\/p>\n<p>&nbsp;<\/p>\n<p>&nbsp;<\/p>\n<p>&nbsp;<\/p>\n<p>&nbsp;<\/p>\n<p>&nbsp;<\/p>\n<p>&nbsp;<\/p>\n<p>&nbsp;<\/p>\n<p>PICKNICK und GRILLPL\u00c4TZE<br \/>\nSOUVENIRGESCH\u00c4FT<br \/>\nBesucher des Themen-Parks k\u00f6nnen die Picknickpl\u00e4tze und Grillh\u00fctten mit bis zu 20 Personen nutzen. Als Souvenir gibt es Minikalk\u00f6fen aus Dolomit zu kaufen. Im Park kann auch eine Vielzahl von Produkten aus Kalk, DVD-Filme zum Kalk und eine Vielzahl von Publikationen erworben werden.<\/p>\n<p><a href=\"http:\/\/www.limex.ee\/wp-content\/uploads\/2011\/10\/DSCN5683.jpg\"><img loading=\"lazy\" decoding=\"async\" class=\"alignleft  wp-image-417\" src=\"http:\/\/www.limex.ee\/wp-content\/uploads\/2011\/10\/DSCN5683-300x225.jpg\" alt=\"DSCN5683\" width=\"260\" height=\"195\" srcset=\"https:\/\/limex.ee\/wp-content\/uploads\/2011\/10\/DSCN5683-300x225.jpg 300w, https:\/\/limex.ee\/wp-content\/uploads\/2011\/10\/DSCN5683-1024x768.jpg 1024w\" sizes=\"auto, (max-width: 260px) 100vw, 260px\" \/><\/a><\/p>\n<p>&nbsp;<\/p>\n<p>&nbsp;<\/p>\n<p>&nbsp;<\/p>\n<p>&nbsp;<\/p>\n<p>&nbsp;<\/p>\n<p>&nbsp;<\/p>\n<p>&nbsp;<\/p>\n<p>PREISE<br \/>\nKalk-Park Besucher 4 EUR \/ Person, kostenlos f\u00fcr Kinder<br \/>\nEine F\u00fchrung durch den Kalk-Park (im Voraus buchbar) f\u00fcr bis zu 15 Personen kostet 5 EUR \/ Person, bei mehr als 15Personen 4 EUR \/ Person<br \/>\nBenutzung einer Grillh\u00fctte 10 EUR \/ Stunde<br \/>\nBenutzung des Hauptgeb\u00e4udes mit Workshop EUR 12 \/ Stunde<br \/>\nBenutzung des Hauptgeb\u00e4udes f\u00fcr Veranstaltungen (Hochzeit, Geburtstag oder ein anderes Ereignis) 200 EUR \/ Tag<br \/>\nCamping 3 EUR \/ Person<\/p>\n<div id=\"attachment_418\" style=\"width: 310px\" class=\"wp-caption alignleft\"><a href=\"http:\/\/www.limex.ee\/wp-content\/uploads\/2011\/10\/DSCN6213.jpg\"><img loading=\"lazy\" decoding=\"async\" aria-describedby=\"caption-attachment-418\" class=\"size-medium wp-image-418\" src=\"http:\/\/www.limex.ee\/wp-content\/uploads\/2011\/10\/DSCN6213-300x225.jpg\" alt=\"souvenir stand\" width=\"300\" height=\"225\" srcset=\"https:\/\/limex.ee\/wp-content\/uploads\/2011\/10\/DSCN6213-300x225.jpg 300w, https:\/\/limex.ee\/wp-content\/uploads\/2011\/10\/DSCN6213-1024x768.jpg 1024w\" sizes=\"auto, (max-width: 300px) 100vw, 300px\" \/><\/a><p id=\"caption-attachment-418\" class=\"wp-caption-text\">souvenir stand<\/p><\/div>\n<p>&nbsp;<\/p>\n<p>&nbsp;<\/p>\n<p>&nbsp;<\/p>\n<p>&nbsp;<\/p>\n<p>&nbsp;<\/p>\n<p>&nbsp;<\/p>\n<p>&nbsp;<\/p>\n<p>&nbsp;<\/p>\n<p>&nbsp;<\/p>\n<p>Kommen Sie und machen Sie eine Zeitreise mit unseren alten Kalk\u00f6fen.<br \/>\nDer Kalk-Park ist ge\u00f6ffnet von 10. Juni bis zum 20 August T\u00c4GLICH oder nach Vereinbarung zu jeder anderen Zeit.<br \/>\nVorbestellung: limex@limex.ee oder Tel 5156165<\/p>\n","protected":false},"excerpt":{"rendered":"<p>Auf dem Kalk-Park Wanderweg (ca. 1,8 km, 1 h) k\u00f6nnen Sie alte Kalk\u00f6fen kennenlernen. Die erforderlichen Informationen sind in 5 Sprachen verf\u00fcgbar. Zus\u00e4tzlich gibt es die M\u00f6glichkeit, den Film &#8222;Im Kreislauf des Kalks&#8220; zu sehen, in dem der historische Prozess &hellip; <a href=\"https:\/\/limex.ee\/de\/lumanda-kalk-und-teerpark\/\">Weiterlesen <span class=\"meta-nav\">&rarr;<\/span><\/a><\/p>\n","protected":false},"author":2,"featured_media":0,"parent":0,"menu_order":20,"comment_status":"closed","ping_status":"closed","template":"onecolumn-page.php","meta":{"ngg_post_thumbnail":0,"footnotes":""},"class_list":["post-439","page","type-page","status-publish","hentry"],"aioseo_notices":[],"_links":{"self":[{"href":"https:\/\/limex.ee\/de\/wp-json\/wp\/v2\/pages\/439","targetHints":{"allow":["GET"]}}],"collection":[{"href":"https:\/\/limex.ee\/de\/wp-json\/wp\/v2\/pages"}],"about":[{"href":"https:\/\/limex.ee\/de\/wp-json\/wp\/v2\/types\/page"}],"author":[{"embeddable":true,"href":"https:\/\/limex.ee\/de\/wp-json\/wp\/v2\/users\/2"}],"replies":[{"embeddable":true,"href":"https:\/\/limex.ee\/de\/wp-json\/wp\/v2\/comments?post=439"}],"version-history":[{"count":10,"href":"https:\/\/limex.ee\/de\/wp-json\/wp\/v2\/pages\/439\/revisions"}],"predecessor-version":[{"id":450,"href":"https:\/\/limex.ee\/de\/wp-json\/wp\/v2\/pages\/439\/revisions\/450"}],"wp:attachment":[{"href":"https:\/\/limex.ee\/de\/wp-json\/wp\/v2\/media?parent=439"}],"curies":[{"name":"wp","href":"https:\/\/api.w.org\/{rel}","templated":true}]}}