{"id":185,"date":"2011-03-22T20:25:30","date_gmt":"2011-03-22T18:25:30","guid":{"rendered":"http:\/\/www.limex.ee\/?page_id=185"},"modified":"2018-06-22T10:11:57","modified_gmt":"2018-06-22T07:11:57","slug":"limex-saaremaa-lubi%c2%ae-2","status":"publish","type":"page","link":"https:\/\/limex.ee\/de\/","title":{"rendered":"Unser Unternehmen"},"content":{"rendered":"<div id=\"attachment_33\" style=\"width: 310px\" class=\"wp-caption alignright\"><a href=\"http:\/\/www.limex.ee\/wp-content\/uploads\/2011\/03\/06s.jpg\"><img loading=\"lazy\" decoding=\"async\" aria-describedby=\"caption-attachment-33\" class=\"size-medium wp-image-33\" title=\"LIMEX SAAREMAA LUBI\u00ae\" src=\"http:\/\/www.limex.ee\/wp-content\/uploads\/2011\/03\/06s-300x202.jpg\" alt=\"LIMEX SAAREMAA LUBI\u00ae\" width=\"300\" height=\"202\" srcset=\"https:\/\/limex.ee\/wp-content\/uploads\/2011\/03\/06s-300x202.jpg 300w, https:\/\/limex.ee\/wp-content\/uploads\/2011\/03\/06s.jpg 750w\" sizes=\"auto, (max-width: 300px) 100vw, 300px\" \/><\/a><p id=\"caption-attachment-33\" class=\"wp-caption-text\">LIMEX SAAREMAA LUBI\u00ae<\/p><\/div>\n<p>Seit Jahrhunderten ist der Kalk eine der wichtigsten Baumaterialien. Schon seit mehr als hundert Jahre wird auf der gr\u00f6\u00dften Insel Estlands- auf Saaremaa (\u00d6sel) -Kalk verbrannt. Die im Jahre 1994 gegr\u00fcndete Aktiengesellschaft LIMEX hat einen alten Ofen f\u00fcr Kalkverbrennung rekonstruiert und die Kalkverbrennung nach der jahrhundertenlangen Technologie, aufgenommen. Als Garantie f\u00fcr die besonders hohe Qualit\u00e4t dient die Handarbeit, die schon mit dem Auslesen des zu verbrennenden Kalks beginnt und mit der Einteilung der fertigen Produktion in verschiedene Qualit\u00e4tsstufen endet. F\u00fcr die Verbrennung wird ausschlie\u00dflich nur gutgetrocknetes Holz verwendet, das keine auf die Qualit\u00e4t einwirkende Nebenstoffe bilden l\u00e4sst. Als Jahresproduktion wird bis 500 Tonnen hochwertige pastenf\u00f6rmige (mit 50 % Wassergehalt) Kalk angestrebt. Der Kalk wird in den unterirdischen Silos, in denen die Nachreifung des Kalks erfolgt, aufbewahrt.<\/p>\n<p>In Europa sind in mehreren Hansest\u00e4dten die meisten Geb\u00e4uden aus Kalk errichtet worden. Unserer Meinung nach ist Kalk zum Streichen und Verputzen ohne Hydroisolation f\u00fcr historischen Geb\u00e4ude und Bauwerke optimal geeignet, weil er die freie Durchlauf des Wasserdampfes erm\u00f6glicht. Gleichwohl wird Kalk bei den Neubauten einsetzt, da die Wandkonstruktion unter der Farb- und Bewurfschicht aus Kalk frei &#8222;atmen&#8220; kann und die Feuchtigkeit ohne jegliche sch\u00e4dliche Folgen durchdringen kann. Dabei muss eine Grundregel beachtet werden: Die Kalkfarbe kommt auf die Kalkbewurf und die Kalkzementfarbe auf die Kalkzementbewurf. Die Kalkfarbe kann ebenso mit nat\u00fcrlichen Farbpigmenten get\u00f6nt werden.<\/p>\n<p>Heutzutage darf man auch nicht die Umwelt- und Menschenfreundlichkeit des Kalks als eines nat\u00fcrlichen Baustoffs au\u00dfer acht lassen.<\/p>\n<p>Zur Zeit vertriebt AS LIMEX ihre Produktion unter dem Warenzeichen LIMEX SAAREMAA LUBI\u00ae (\u00d6SEL KALK\u00ae)<\/p>\n<p>Verkaufer unseres Kalkers Stucco Palladiano www.stucco-palladiano.de<\/p>\n<p><a href=\"http:\/\/www.shop-stucco-palladiano.de\/epages\/63118009.sf\/de_DE\/?ObjectPath=\/Shops\/63118009\/Products\/19021\">http:\/\/www.shop-stucco-palladiano.de\/epages\/63118009.sf\/de_DE\/?ObjectPath=\/Shops\/63118009\/Products\/19021<\/a><\/p>\n<p>&nbsp;<\/p>\n<p>&nbsp;<\/p>\n<p><a href=\"http:\/\/www.limex.ee\/wp-content\/uploads\/2011\/03\/unesco3.png\"><img loading=\"lazy\" decoding=\"async\" class=\"alignleft size-medium wp-image-567\" src=\"http:\/\/www.limex.ee\/wp-content\/uploads\/2011\/03\/unesco3-300x120.png\" alt=\"unesco3\" width=\"300\" height=\"120\" srcset=\"https:\/\/limex.ee\/wp-content\/uploads\/2011\/03\/unesco3-300x120.png 300w, https:\/\/limex.ee\/wp-content\/uploads\/2011\/03\/unesco3-1024x410.png 1024w, https:\/\/limex.ee\/wp-content\/uploads\/2011\/03\/unesco3.png 1785w\" sizes=\"auto, (max-width: 300px) 100vw, 300px\" \/><\/a><\/p>\n","protected":false},"excerpt":{"rendered":"<p>Seit Jahrhunderten ist der Kalk eine der wichtigsten Baumaterialien. Schon seit mehr als hundert Jahre wird auf der gr\u00f6\u00dften Insel Estlands- auf Saaremaa (\u00d6sel) -Kalk verbrannt. Die im Jahre 1994 gegr\u00fcndete Aktiengesellschaft LIMEX hat einen alten Ofen f\u00fcr Kalkverbrennung rekonstruiert &hellip; <a href=\"https:\/\/limex.ee\/de\/\">Weiterlesen <span class=\"meta-nav\">&rarr;<\/span><\/a><\/p>\n","protected":false},"author":1,"featured_media":0,"parent":0,"menu_order":10,"comment_status":"closed","ping_status":"closed","template":"","meta":{"ngg_post_thumbnail":0,"footnotes":""},"class_list":["post-185","page","type-page","status-publish","hentry"],"aioseo_notices":[],"_links":{"self":[{"href":"https:\/\/limex.ee\/de\/wp-json\/wp\/v2\/pages\/185","targetHints":{"allow":["GET"]}}],"collection":[{"href":"https:\/\/limex.ee\/de\/wp-json\/wp\/v2\/pages"}],"about":[{"href":"https:\/\/limex.ee\/de\/wp-json\/wp\/v2\/types\/page"}],"author":[{"embeddable":true,"href":"https:\/\/limex.ee\/de\/wp-json\/wp\/v2\/users\/1"}],"replies":[{"embeddable":true,"href":"https:\/\/limex.ee\/de\/wp-json\/wp\/v2\/comments?post=185"}],"version-history":[{"count":11,"href":"https:\/\/limex.ee\/de\/wp-json\/wp\/v2\/pages\/185\/revisions"}],"predecessor-version":[{"id":603,"href":"https:\/\/limex.ee\/de\/wp-json\/wp\/v2\/pages\/185\/revisions\/603"}],"wp:attachment":[{"href":"https:\/\/limex.ee\/de\/wp-json\/wp\/v2\/media?parent=185"}],"curies":[{"name":"wp","href":"https:\/\/api.w.org\/{rel}","templated":true}]}}